{"id":15012,"date":"2024-08-28T02:51:59","date_gmt":"2024-08-27T23:51:59","guid":{"rendered":"https:\/\/engoverse.online\/?page_id=15012"},"modified":"2024-08-28T02:53:21","modified_gmt":"2024-08-27T23:53:21","slug":"terms-of-use-for-engoverse","status":"publish","type":"page","link":"https:\/\/engoverse.online\/tr\/terms-of-use-for-engoverse\/","title":{"rendered":"Engoverse Kullan\u0131m Ko\u015fullar\u0131"},"content":{"rendered":"<div data-elementor-type=\"wp-page\" data-elementor-id=\"15012\" class=\"elementor elementor-15012\">\n\t\t\t\t<div class=\"elementor-element elementor-element-4c8a687 e-flex e-con-boxed e-con e-parent\" data-id=\"4c8a687\" data-element_type=\"container\" data-e-type=\"container\">\n\t\t\t\t\t<div class=\"e-con-inner\">\n\t\t\t\t<div class=\"elementor-element elementor-element-fd7330e elementor-widget elementor-widget-text-editor\" data-id=\"fd7330e\" data-element_type=\"widget\" data-e-type=\"widget\" data-widget_type=\"text-editor.default\">\n\t\t\t\t<div class=\"elementor-widget-container\">\n\t\t\t\t\t\t\t\t\t<p><strong>Engoverse Kullan\u0131m Ko\u015fullar\u0131<\/strong><\/p><p><strong>Son G\u00fcncelleme: A\u011fustos 28, 2024<\/strong><\/p><p>Engoverse\u2019e ho\u015f geldiniz! Bu Kullan\u0131m Ko\u015fullar\u0131, <a href=\"https:\/\/engoverse.online\/tr\/\" target=\"_new\" rel=\"noopener\">https:\/\/engoverse.online<\/a> (\"Site\") adresindeki web sitemize eri\u015fiminizi ve kullan\u0131m\u0131n\u0131z\u0131 d\u00fczenler. Web sitemize eri\u015ferek veya kullanarak, bu Kullan\u0131m Ko\u015fullar\u0131'na ba\u011fl\u0131 kalmay\u0131 kabul etmi\u015f olursunuz. Bu \u015fartlar\u0131 kabul etmiyorsan\u0131z, l\u00fctfen sitemizi kullanmay\u0131n.<\/p><p><strong>1. Ko\u015fullar\u0131n Kabul\u00fc<\/strong><\/p><p>Siteye eri\u015ferek ve kullanarak, bu Kullan\u0131m Ko\u015fullar\u0131\u2019n\u0131 ve di\u011fer ge\u00e7erli yasalar\u0131 ve d\u00fczenlemeleri okudu\u011funuzu, anlad\u0131\u011f\u0131n\u0131z\u0131 ve kabul etti\u011finizi onaylam\u0131\u015f olursunuz. Bu \u015fartlar\u0131 kabul etmiyorsan\u0131z, Siteyi kullanmamal\u0131 veya eri\u015fmemelisiniz.<\/p><p><strong>2. Ko\u015fullarda De\u011fi\u015fiklikler<\/strong><\/p><p>Engoverse, bu Kullan\u0131m Ko\u015fullar\u0131'n\u0131 herhangi bir zamanda de\u011fi\u015ftirme hakk\u0131n\u0131 sakl\u0131 tutar. Yap\u0131lan de\u011fi\u015fiklikler, Siteye yay\u0131mland\u0131\u011f\u0131 anda ge\u00e7erli olacakt\u0131r. De\u011fi\u015fikliklerin yay\u0131mlanmas\u0131n\u0131n ard\u0131ndan Siteyi kullanmaya devam etmeniz, revize edilmi\u015f Kullan\u0131m Ko\u015fullar\u0131'n\u0131 kabul etti\u011finiz anlam\u0131na gelecektir. Bu Ko\u015fullar\u0131 periyodik olarak g\u00f6zden ge\u00e7irmenizi \u00f6neririz.<\/p><p><strong>3. Uygunluk<\/strong><\/p><p>Bu Siteyi kullanmak i\u00e7in en az 13 ya\u015f\u0131nda olmal\u0131s\u0131n\u0131z. Bu Siteyi kullanarak, en az 13 ya\u015f\u0131nda oldu\u011funuzu ve bu Kullan\u0131m Ko\u015fullar\u0131'n\u0131 kabul edebilecek yasal kapasiteye sahip oldu\u011funuzu beyan ve taahh\u00fct edersiniz. 18 ya\u015f\u0131ndan k\u00fc\u00e7\u00fckseniz, Siteyi kullanmak i\u00e7in bir ebeveyn veya vasinin iznine sahip olman\u0131z gerekir.<\/p><p><strong>4. Sitenin Kullan\u0131m\u0131<\/strong><\/p><p>Siteyi yaln\u0131zca yasal ama\u00e7larla ve bu Kullan\u0131m Ko\u015fullar\u0131'na uygun olarak kullanmay\u0131 kabul edersiniz. A\u015fa\u011f\u0131daki faaliyetlerde bulunman\u0131z yasakt\u0131r:<\/p><ul><li>Ge\u00e7erli yerel, eyalet, ulusal veya uluslararas\u0131 yasa veya d\u00fczenlemeleri ihlal eden herhangi bir \u015fekilde Siteyi kullanmak.<\/li><li>Sitenin i\u015fleyi\u015fine veya g\u00fcvenli\u011fine zarar verebilecek veya m\u00fcdahale edebilecek herhangi bir faaliyette bulunmak, vir\u00fcs, trojan, solucan veya di\u011fer zararl\u0131 veya teknolojik olarak tehlikeli materyalleri tan\u0131tmak.<\/li><li>Siteye, sitenin depoland\u0131\u011f\u0131 sunucuya veya Siteye ba\u011fl\u0131 herhangi bir sunucu, bilgisayar veya veritaban\u0131na yetkisiz eri\u015fim sa\u011flamaya \u00e7al\u0131\u015fmak.<\/li><li>stenmeyen veya yetkisiz reklam veya tan\u0131t\u0131m materyallerinin, istenmeyen postalar\u0131n, spamlerin veya zincir mektuplar\u0131n iletilmesi veya iletilmesini kolayla\u015ft\u0131rmak i\u00e7in Siteyi kullanmak.<\/li><li>Herhangi bir ki\u015fi veya kurumu taklit etmek veya bir ki\u015fi veya kurulu\u015fla olan ili\u015fkinizi yanl\u0131\u015f beyan etmek veya ba\u015fka bir \u015fekilde yanl\u0131\u015f temsil etmek.<\/li><\/ul><p><strong>5. Fikri M\u00fclkiyet Haklar\u0131<\/strong><\/p><p>Site \u00fczerindeki t\u00fcm i\u00e7erik, metin, grafikler, logolar, simgeler, g\u00f6rseller, ses klipleri, video klipleri, veri derlemeleri ve yaz\u0131l\u0131m dahil ancak bunlarla s\u0131n\u0131rl\u0131 olmamak \u00fczere, Engoverse\u2019e veya i\u00e7erik sa\u011flay\u0131c\u0131lar\u0131na aittir ve uluslararas\u0131 telif hakk\u0131 ve ticari marka yasalar\u0131 ile korunmaktad\u0131r. Engoverse\u2019nin \u00f6nceden yaz\u0131l\u0131 izni olmaks\u0131z\u0131n, sitedeki materyalleri \u00e7o\u011faltamaz, da\u011f\u0131tamaz, de\u011fi\u015ftiremez, t\u00fcrev eserler olu\u015fturamaz, kamuya a\u00e7\u0131k olarak g\u00f6r\u00fcnt\u00fcleyemez, kamuya a\u00e7\u0131k olarak icra edemez, yeniden yay\u0131mlayamaz, indiremez, saklayamaz veya iletemezsiniz.<\/p><p><strong>6. Kullan\u0131c\u0131 \u0130\u00e7eri\u011fi<\/strong><\/p><p>Sitede i\u00e7erik g\u00f6nderme, yay\u0131nlama veya ba\u015fka bir \u015fekilde kullan\u0131ma sunma f\u0131rsat\u0131na sahip olabilirsiniz, bu i\u00e7erik yorumlar, geri bildirimler veya \u00f6neriler de dahil olabilir (topluca, \"Kullan\u0131c\u0131 \u0130\u00e7eri\u011fi\"). Kullan\u0131c\u0131 \u0130\u00e7eri\u011fi g\u00f6ndererek, Engoverse\u2019ye bu Kullan\u0131c\u0131 \u0130\u00e7eri\u011fini d\u00fcnya genelinde herhangi bir medya arac\u0131l\u0131\u011f\u0131yla kullanma, \u00e7o\u011faltma, de\u011fi\u015ftirme, uyarlama, yay\u0131mlama, terc\u00fcme etme, t\u00fcrev eserler olu\u015fturma, da\u011f\u0131tma ve g\u00f6r\u00fcnt\u00fcleme hakk\u0131n\u0131 geri al\u0131namaz, tam lisansl\u0131, telifsiz, s\u00fcrekli bir \u015fekilde vermi\u015f olursunuz.<\/p><p>Ayr\u0131ca \u015fu konularda beyan ve taahh\u00fct edersiniz:<\/p><ul><li>Kullan\u0131c\u0131 \u0130\u00e7eri\u011fi \u00fczerindeki t\u00fcm haklara sahipsiniz veya bu haklar\u0131 kontrol ediyorsunuz ve yukar\u0131da a\u00e7\u0131klanan lisans\u0131 verme hakk\u0131na sahipsiniz.<\/li><li>T\u00fcm Kullan\u0131c\u0131 \u0130\u00e7eri\u011finiz, bu Kullan\u0131m Ko\u015fullar\u0131'n\u0131 veya ge\u00e7erli herhangi bir yasa, d\u00fczenleme veya \u00fc\u00e7\u00fcnc\u00fc taraf haklar\u0131n\u0131 ihlal etmez ve ihlal etmeyecektir.<\/li><\/ul><p><strong>7. \u00dc\u00e7\u00fcnc\u00fc Taraf Web Sitelerine Ba\u011flant\u0131lar<\/strong><\/p><p>Site, Engoverse\u2019nin sahip olmad\u0131\u011f\u0131 veya kontrol etmedi\u011fi \u00fc\u00e7\u00fcnc\u00fc taraf web sitelerine ba\u011flant\u0131lar i\u00e7erebilir. Bu ba\u011flant\u0131lar, sizin rahatl\u0131\u011f\u0131n\u0131z i\u00e7in sa\u011flanm\u0131\u015ft\u0131r. Engoverse, \u00fc\u00e7\u00fcnc\u00fc taraf web sitelerinin i\u00e7eri\u011fi, gizlilik politikalar\u0131 veya uygulamalar\u0131 \u00fczerinde hi\u00e7bir kontrol sahibi de\u011fildir ve bu web sitelerini kullan\u0131m\u0131n\u0131zla ilgili herhangi bir kay\u0131p veya zarardan sorumlu olmayacakt\u0131r. Herhangi bir \u00fc\u00e7\u00fcnc\u00fc taraf web sitesine eri\u015fim, tamamen sizin sorumlulu\u011funuzdad\u0131r ve bu t\u00fcr \u00fc\u00e7\u00fcnc\u00fc taraf web sitelerini kullan\u0131m\u0131n\u0131zdan kaynaklanan herhangi bir kay\u0131p veya zarardan Engoverse\u2019nin sorumlu olmayaca\u011f\u0131n\u0131 kabul edersiniz.<\/p><p><strong>8. Garanti Feragatnamesi<\/strong><\/p><p>Site ve Sitedeki t\u00fcm i\u00e7erik, hizmetler ve \u00f6zellikler, herhangi bir t\u00fcrde a\u00e7\u0131k veya z\u0131mni garanti olmaks\u0131z\u0131n \"oldu\u011fu gibi\" ve \"mevcut oldu\u011fu gibi\" sa\u011flanmaktad\u0131r. Engoverse, a\u00e7\u0131k veya z\u0131mni t\u00fcm garantileri, ticarete elveri\u015flilik, belirli bir amaca uygunluk ve ihlal etmeme garantileri dahil ancak bunlarla s\u0131n\u0131rl\u0131 olmamak \u00fczere reddeder.<\/p><p>Engoverse, sitenin kesintisiz, g\u00fcvenli veya hatas\u0131z olaca\u011f\u0131n\u0131 veya sitedeki herhangi bir kusurun veya hatan\u0131n d\u00fczeltilece\u011fini garanti etmez.<\/p><p><strong>9. Sorumlulu\u011fun S\u0131n\u0131rland\u0131r\u0131lmas\u0131<\/strong><\/p><p>Ge\u00e7erli yasalar\u0131n izin verdi\u011fi en geni\u015f \u00f6l\u00e7\u00fcde, Engoverse, dolayl\u0131, ar\u0131zi, \u00f6zel, sonu\u00e7sal veya cezai zararlardan, kar kayb\u0131, veri kayb\u0131, kullan\u0131m kayb\u0131, itibar kayb\u0131 veya di\u011fer maddi olmayan kay\u0131plar dahil ancak bunlarla s\u0131n\u0131rl\u0131 olmamak \u00fczere, sitenin veya sitenin herhangi bir i\u00e7eri\u011finin kullan\u0131m\u0131yla veya kullan\u0131lamamas\u0131yla ba\u011flant\u0131l\u0131 olarak ortaya \u00e7\u0131kan herhangi bir zarardan sorumlu olmayacakt\u0131r.<\/p><p><strong>10. Tazminat<\/strong><\/p><p>Engoverse\u2019yi, ba\u011fl\u0131 kurulu\u015flar\u0131n\u0131 ve ilgili memurlar\u0131n\u0131, y\u00f6neticilerini, \u00e7al\u0131\u015fanlar\u0131n\u0131, temsilcilerini, lisans verenlerini ve tedarik\u00e7ilerini, bu Kullan\u0131m Ko\u015fullar\u0131\u2019n\u0131 ihlal etmeniz veya sitenin kullan\u0131m\u0131n\u0131zdan kaynaklanan her t\u00fcrl\u00fc iddiadan, sorumluluktan, zarardan, yarg\u0131dan, \u00f6d\u00fclden, kay\u0131ptan, masraftan, giderden veya \u00fccretlerden (makul avukatl\u0131k \u00fccretleri dahil) korumay\u0131, savunmay\u0131 ve tazmin etmeyi kabul edersiniz.<\/p><p><strong>11. Fesih<\/strong><\/p><p>Engoverse, tamamen kendi takdirine ba\u011fl\u0131 olarak, herhangi bir nedenle, \u00f6nceden bildirimde bulunmaks\u0131z\u0131n, Sitenin tamam\u0131na veya bir k\u0131sm\u0131na eri\u015fiminizi sona erdirme veya ask\u0131ya alma hakk\u0131n\u0131 sakl\u0131 tutar. Fesih \u00fczerine, Siteyi kullanma hakk\u0131n\u0131z derhal sona erecektir.<\/p><p><strong>12. Ge\u00e7erli Hukuk<\/strong><\/p><p>Bu Kullan\u0131m Ko\u015fullar\u0131 ve bunlardan kaynaklanan veya bunlarla ba\u011flant\u0131l\u0131 herhangi bir uyu\u015fmazl\u0131k veya iddia, T\u00fcrkiye yasalar\u0131na tabi olacak ve bu yasalar \u00e7er\u00e7evesinde yorumlanacakt\u0131r; yasa se\u00e7imi veya \u00e7ak\u0131\u015fma h\u00fck\u00fcmleri dikkate al\u0131nmayacakt\u0131r.<\/p><p><strong>13. B\u00f6l\u00fcnebilirlik<\/strong><\/p><p>Bu Kullan\u0131m Ko\u015fullar\u0131'n\u0131n herhangi bir h\u00fckm\u00fc herhangi bir nedenle ge\u00e7ersiz, yasad\u0131\u015f\u0131 veya uygulanamaz bulunursa, geri kalan h\u00fck\u00fcmler tam y\u00fcr\u00fcrl\u00fckte ve ge\u00e7erli olmaya devam edecektir.<\/p><p><strong>14. T\u00fcm Anla\u015fma<\/strong><\/p><p>Bu Kullan\u0131m Ko\u015fullar\u0131, Gizlilik Politikam\u0131z ve \u00c7erez Politikam\u0131z ile birlikte, sizinle Engoverse aras\u0131ndaki Site kullan\u0131m\u0131yla ilgili t\u00fcm anla\u015fmay\u0131 olu\u015fturur ve Site ile ilgili olarak yaz\u0131l\u0131 veya s\u00f6zl\u00fc olarak yap\u0131lan t\u00fcm \u00f6nceki ve e\u015fzamanl\u0131 anla\u015fmalar\u0131n, beyanlar\u0131n ve garantilerin yerine ge\u00e7er.<\/p><p><strong>15. \u0130leti\u015fim Bilgileri<\/strong><\/p><p>Bu Kullan\u0131m Ko\u015fullar\u0131 hakk\u0131nda herhangi bir sorunuz varsa, l\u00fctfen bizimle ileti\u015fime ge\u00e7in:<\/p><p><strong>Engoverse<\/strong><br \/>Email: info@engoverse.online<\/p>\t\t\t\t\t\t\t\t<\/div>\n\t\t\t\t<\/div>\n\t\t\t\t\t<\/div>\n\t\t\t\t<\/div>\n\t\t\t\t<\/div>","protected":false},"excerpt":{"rendered":"<p>Terms of Use for Engoverse Last Updated: August 28, 2024 Welcome to Engoverse! These Terms of Use govern your access to and use of our website, https:\/\/engoverse.online (the &#8220;Site&#8221;), and the services provided therein. By accessing or using our Site,&#8230;<\/p>","protected":false},"author":1,"featured_media":0,"parent":0,"menu_order":0,"comment_status":"closed","ping_status":"closed","template":"","meta":{"_monsterinsights_skip_tracking":false,"_monsterinsights_sitenote_active":false,"_monsterinsights_sitenote_note":"","_monsterinsights_sitenote_category":0,"footnotes":""},"class_list":["post-15012","page","type-page","status-publish","hentry"],"_links":{"self":[{"href":"https:\/\/engoverse.online\/tr\/wp-json\/wp\/v2\/pages\/15012","targetHints":{"allow":["GET"]}}],"collection":[{"href":"https:\/\/engoverse.online\/tr\/wp-json\/wp\/v2\/pages"}],"about":[{"href":"https:\/\/engoverse.online\/tr\/wp-json\/wp\/v2\/types\/page"}],"author":[{"embeddable":true,"href":"https:\/\/engoverse.online\/tr\/wp-json\/wp\/v2\/users\/1"}],"replies":[{"embeddable":true,"href":"https:\/\/engoverse.online\/tr\/wp-json\/wp\/v2\/comments?post=15012"}],"version-history":[{"count":10,"href":"https:\/\/engoverse.online\/tr\/wp-json\/wp\/v2\/pages\/15012\/revisions"}],"predecessor-version":[{"id":15022,"href":"https:\/\/engoverse.online\/tr\/wp-json\/wp\/v2\/pages\/15012\/revisions\/15022"}],"wp:attachment":[{"href":"https:\/\/engoverse.online\/tr\/wp-json\/wp\/v2\/media?parent=15012"}],"curies":[{"name":"wp","href":"https:\/\/api.w.org\/{rel}","templated":true}]}}