{"id":14999,"date":"2024-08-28T02:41:34","date_gmt":"2024-08-27T23:41:34","guid":{"rendered":"https:\/\/engoverse.online\/?page_id=14999"},"modified":"2024-08-28T02:44:46","modified_gmt":"2024-08-27T23:44:46","slug":"privacy-policy","status":"publish","type":"page","link":"https:\/\/engoverse.online\/tr\/privacy-policy\/","title":{"rendered":"Gizlilik Politikas\u0131"},"content":{"rendered":"<div data-elementor-type=\"wp-page\" data-elementor-id=\"14999\" class=\"elementor elementor-14999\">\n\t\t\t\t<div class=\"elementor-element elementor-element-2c265bd e-flex e-con-boxed e-con e-parent\" data-id=\"2c265bd\" data-element_type=\"container\" data-e-type=\"container\">\n\t\t\t\t\t<div class=\"e-con-inner\">\n\t\t\t\t<div class=\"elementor-element elementor-element-6e7c930 elementor-widget elementor-widget-text-editor\" data-id=\"6e7c930\" data-element_type=\"widget\" data-e-type=\"widget\" data-widget_type=\"text-editor.default\">\n\t\t\t\t<div class=\"elementor-widget-container\">\n\t\t\t\t\t\t\t\t\t<p><strong>Engoverse Gizlilik Politikas\u0131<\/strong><\/p><p><strong>Son G\u00fcncelleme: A\u011fustos 28, 2024<\/strong><\/p><p>Engoverse olarak, <a href=\"https:\/\/engoverse.online\/tr\/\" target=\"_new\" rel=\"noopener\">https:\/\/engoverse.online<\/a>\u00fczerinden eri\u015filebilen web sitemizi ziyaret etti\u011finizde gizlili\u011finizi korumay\u0131 ve sayg\u0131 duymay\u0131 taahh\u00fct ediyoruz. Bu Gizlilik Politikas\u0131, web sitemizi ziyaret etti\u011finizde bilgilerinizin nas\u0131l topland\u0131\u011f\u0131n\u0131, kullan\u0131ld\u0131\u011f\u0131n\u0131, if\u015fa edildi\u011fini ve korundu\u011funu a\u00e7\u0131klar.<\/p><p><strong>1. Toplad\u0131\u011f\u0131m\u0131z Bilgiler<\/strong><\/p><p>A\u015fa\u011f\u0131daki t\u00fcrlerde bilgileri toplayabilir ve i\u015fleyebiliriz:<\/p><ul><li><p><strong>Ki\u015fisel Bilgiler:<\/strong> Bu, ad\u0131n\u0131z, e-posta adresiniz, telefon numaran\u0131z ve web sitemiz \u00fczerindeki formlar arac\u0131l\u0131\u011f\u0131yla bize g\u00f6n\u00fcll\u00fc olarak sa\u011flad\u0131\u011f\u0131n\u0131z di\u011fer ayr\u0131nt\u0131lar gibi bilgileri i\u00e7erir.<\/p><\/li><li><p><strong>Usage Data:<\/strong> Web sitemizi nas\u0131l kulland\u0131\u011f\u0131n\u0131za dair bilgileri toplayabiliriz, bu IP adresiniz, taray\u0131c\u0131 t\u00fcr\u00fcn\u00fcz, i\u015fletim sisteminiz, y\u00f6nlendiren URL'ler, g\u00f6r\u00fcnt\u00fclenen sayfalar ve ziyaretlerinizin tarihleri\/saatleri gibi bilgileri i\u00e7erebilir.<\/p><\/li><li><p><strong>\u00c7erezler ve Takip Teknolojileri:<\/strong> Web sitemizdeki etkinlikleri izlemek ve belirli bilgileri saklamak i\u00e7in \u00e7erezler ve benzer takip teknolojileri kullan\u0131yoruz. (Daha fazla bilgi i\u00e7in \u00c7erez Politikam\u0131za bak\u0131n.) <a href=\"https:\/\/engoverse.online\/tr\/pixpopup-item\/cookie-policy-for-engoverse\/\" rel=\"noopener\">\u00c7erez Politikas\u0131<\/a>.)<\/p><\/li><\/ul><p><strong>2. Bilgilerinizi Nas\u0131l Kullan\u0131yoruz<\/strong><\/p><p>Toplad\u0131\u011f\u0131m\u0131z bilgileri \u00e7e\u015fitli ama\u00e7lar i\u00e7in kullan\u0131yoruz, bunlar aras\u0131nda:<\/p><ul><li><p><strong>Web Sitemizi Sa\u011flamak ve S\u00fcrd\u00fcrmek:<\/strong> Web sitesinin d\u00fczg\u00fcn \u00e7al\u0131\u015ft\u0131\u011f\u0131ndan ve eri\u015filebilir oldu\u011fundan emin olmak.<\/p><\/li><li><p><strong>Kullan\u0131c\u0131 Deneyimini \u0130yile\u015ftirmek:<\/strong> Web sitesinin performans\u0131n\u0131, i\u00e7eri\u011fini ve \u00f6zelliklerini iyile\u015ftirmek i\u00e7in kullan\u0131m kal\u0131plar\u0131n\u0131 analiz etmek.<\/p><\/li><li><p><strong>Sizinle \u0130leti\u015fim Kurmak:<\/strong> G\u00fcncellemeler, b\u00fcltenler veya talep etti\u011finiz veya ilginizi \u00e7ekebilecek di\u011fer bilgileri g\u00f6ndermek.<\/p><\/li><li><p><strong>Yasal Y\u00fck\u00fcml\u00fcl\u00fcklere Uygunluk:<\/strong> Ge\u00e7erli yasalar ve d\u00fczenlemeler gere\u011fi bilgilerinizi i\u015flemek.<\/p><\/li><\/ul><p><strong>3. Bilgilerinizi Nas\u0131l Payla\u015f\u0131yoruz<\/strong><\/p><p>Bilgilerinizi a\u015fa\u011f\u0131daki durumlarda payla\u015fabiliriz:<\/p><ul><li><p><strong>Hizmet Sa\u011flay\u0131c\u0131larla:<\/strong> Bar\u0131nd\u0131rma, analiz ve m\u00fc\u015fteri deste\u011fi gibi hizmetleri bizim ad\u0131m\u0131za ger\u00e7ekle\u015ftiren \u00fc\u00e7\u00fcnc\u00fc taraf hizmet sa\u011flay\u0131c\u0131larla bilgilerinizi payla\u015fabiliriz.<\/p><\/li><li><p><strong>Yasal Nedenlerle:<\/strong> Bilgilerinizi yasa gere\u011fi, yasal s\u00fcre\u00e7lere yan\u0131t olarak veya haklar\u0131m\u0131z\u0131, gizlili\u011fimizi, g\u00fcvenli\u011fimizi veya m\u00fclkiyetimizi ve\/veya ba\u011fl\u0131 kurulu\u015flar\u0131m\u0131z\u0131, sizi veya ba\u015fkalar\u0131n\u0131 korumak i\u00e7in if\u015fa edebiliriz.<\/p><\/li><li><p><strong>\u0130\u015f Transferlerinde:<\/strong> Bir birle\u015fme, devralma veya varl\u0131k sat\u0131\u015f\u0131 ya\u015fan\u0131rsa, bilgileriniz bu i\u015flemin bir par\u00e7as\u0131 olarak devredilebilir.<\/p><\/li><\/ul><p><strong>4. Veri G\u00fcvenli\u011fi<\/strong><\/p><p>Verilerinizin g\u00fcvenli\u011fini ciddiye al\u0131yor ve yetkisiz eri\u015fime, if\u015faya, de\u011fi\u015ftirmeye veya yok edilmeye kar\u015f\u0131 korumak i\u00e7in uygun teknik ve organizasyonel \u00f6nlemleri uyguluyoruz. Ancak, \u0130nternet \u00fczerinden veri iletimi veya elektronik depolama y\u00f6ntemi 0 g\u00fcvenli de\u011fildir ve mutlak g\u00fcvenli\u011fi garanti edemeyiz.<\/p><p><strong>5. Veri Koruma Haklar\u0131n\u0131z<\/strong><\/p><p>Depending on your location, you may have the following rights regarding your personal data:<\/p><ul><li><strong>Eri\u015fim:<\/strong> Ki\u015fisel bilgilerinizin kopyalar\u0131n\u0131 talep etme hakk\u0131na sahipsiniz.<\/li><li><strong>D\u00fczeltme:<\/strong> Bilgilerinizin yanl\u0131\u015f veya eksik oldu\u011funu d\u00fc\u015f\u00fcn\u00fcyorsan\u0131z, d\u00fczeltmemizi talep edebilirsiniz.<\/li><li><strong>Silme:<\/strong> Belirli ko\u015fullar alt\u0131nda ki\u015fisel verilerinizi silmemizi talep edebilirsiniz.<\/li><li><strong>K\u0131s\u0131tlama:<\/strong> Belirli ko\u015fullar alt\u0131nda ki\u015fisel verilerinizin i\u015flenmesini k\u0131s\u0131tlamam\u0131z\u0131 talep edebilirsiniz.<\/li><li><strong>\u0130tiraz:<\/strong> Belirli ko\u015fullar alt\u0131nda ki\u015fisel verilerinizin i\u015flenmesine itiraz edebilirsiniz.<\/li><li><strong>Ta\u015f\u0131nabilirlik:<\/strong> Belirli ko\u015fullar alt\u0131nda ki\u015fisel verilerinizi ba\u015fka bir kurulu\u015fa veya do\u011frudan size iletmemizi talep edebilirsiniz.<\/li><\/ul><p>Bu haklardan herhangi birini kullanmak i\u00e7in, l\u00fctfen a\u015fa\u011f\u0131da belirtilen ileti\u015fim bilgilerini kullanarak bizimle ileti\u015fime ge\u00e7in.<\/p><p><strong>6. Uluslararas\u0131 Veri Aktar\u0131mlar\u0131<\/strong><\/p><p>Bilgileriniz, ki\u015fisel veriler de dahil olmak \u00fczere, bulundu\u011funuz eyalet, il, \u00fclke veya di\u011fer h\u00fck\u00fcmet yetki alan\u0131n\u0131n d\u0131\u015f\u0131nda bulunan ve veri koruma yasalar\u0131n\u0131n sizin yetki alan\u0131n\u0131zdakilerden farkl\u0131 olabilece\u011fi sunuculara aktar\u0131labilir ve bu sunucularda saklanabilir. Web sitemizi kullanarak, bilgilerinizin bu t\u00fcr tesislere aktar\u0131lmas\u0131na ve bu Gizlilik Politikas\u0131 uyar\u0131nca bilgilerinizin i\u015flenmesine onay vermi\u015f olursunuz.<\/p><p><strong>7. \u00dc\u00e7\u00fcnc\u00fc Taraf Web Siteleri<\/strong><\/p><p>Web sitemiz, \u00fc\u00e7\u00fcnc\u00fc taraf web sitelerine ba\u011flant\u0131lar i\u00e7erebilir. Bu sitelerin gizlilik uygulamalar\u0131ndan veya i\u00e7eriklerinden sorumlu de\u011filiz. Ziyaret etti\u011finiz \u00fc\u00e7\u00fcnc\u00fc taraf web sitelerinin gizlilik politikalar\u0131n\u0131 okuman\u0131z\u0131 \u00f6neririz.<\/p><p><strong>8. \u00c7ocuklar\u0131n Gizlili\u011fi<\/strong><\/p><p>Web sitemiz, 13 ya\u015f\u0131n alt\u0131ndaki \u00e7ocuklar i\u00e7in tasarlanmam\u0131\u015ft\u0131r ve 13 ya\u015f\u0131n alt\u0131ndaki \u00e7ocuklardan bilerek ki\u015fisel bilgi toplam\u0131yoruz. 13 ya\u015f\u0131ndan k\u00fc\u00e7\u00fck bir \u00e7ocuktan ebeveyn izni olmaks\u0131z\u0131n ki\u015fisel bilgi toplad\u0131\u011f\u0131m\u0131z\u0131 fark edersek, bu bilgileri sunucular\u0131m\u0131zdan silmek i\u00e7in ad\u0131mlar ataca\u011f\u0131z.<\/p><p><strong>9. Bu Gizlilik Politikas\u0131ndaki De\u011fi\u015fiklikler<\/strong><\/p><p>Gizlilik Politikam\u0131z\u0131 zaman zaman uygulamalar\u0131m\u0131zdaki de\u011fi\u015fiklikleri yans\u0131tmak veya di\u011fer operasyonel, yasal veya d\u00fczenleyici nedenlerle g\u00fcncelleyebiliriz. \u00d6nemli de\u011fi\u015fiklikler yapt\u0131\u011f\u0131m\u0131zda, web sitemizde belirgin bir bildirimle veya di\u011fer uygun yollarla sizi bilgilendirece\u011fiz.<\/p><p><strong>10. Bize Ula\u015f\u0131n<\/strong><\/p><p>Bu Gizlilik Politikas\u0131 veya veri uygulamalar\u0131m\u0131z hakk\u0131nda herhangi bir sorunuz veya endi\u015feniz varsa, l\u00fctfen bizimle ileti\u015fime ge\u00e7in:<\/p><p><strong>Engoverse<\/strong><br \/>Email: info@engoverse.online<\/p>\t\t\t\t\t\t\t\t<\/div>\n\t\t\t\t<\/div>\n\t\t\t\t\t<\/div>\n\t\t\t\t<\/div>\n\t\t\t\t<\/div>","protected":false},"excerpt":{"rendered":"<p>Privacy Policy for Engoverse Last Updated: August 28, 2024 At Engoverse, accessible from https:\/\/engoverse.online, we are committed to protecting and respecting your privacy. This Privacy Policy explains how we collect, use, disclose, and safeguard your information when you visit our&#8230;<\/p>","protected":false},"author":1,"featured_media":0,"parent":0,"menu_order":0,"comment_status":"closed","ping_status":"closed","template":"","meta":{"_monsterinsights_skip_tracking":false,"_monsterinsights_sitenote_active":false,"_monsterinsights_sitenote_note":"","_monsterinsights_sitenote_category":0,"footnotes":""},"class_list":["post-14999","page","type-page","status-publish","hentry"],"_links":{"self":[{"href":"https:\/\/engoverse.online\/tr\/wp-json\/wp\/v2\/pages\/14999","targetHints":{"allow":["GET"]}}],"collection":[{"href":"https:\/\/engoverse.online\/tr\/wp-json\/wp\/v2\/pages"}],"about":[{"href":"https:\/\/engoverse.online\/tr\/wp-json\/wp\/v2\/types\/page"}],"author":[{"embeddable":true,"href":"https:\/\/engoverse.online\/tr\/wp-json\/wp\/v2\/users\/1"}],"replies":[{"embeddable":true,"href":"https:\/\/engoverse.online\/tr\/wp-json\/wp\/v2\/comments?post=14999"}],"version-history":[{"count":4,"href":"https:\/\/engoverse.online\/tr\/wp-json\/wp\/v2\/pages\/14999\/revisions"}],"predecessor-version":[{"id":15004,"href":"https:\/\/engoverse.online\/tr\/wp-json\/wp\/v2\/pages\/14999\/revisions\/15004"}],"wp:attachment":[{"href":"https:\/\/engoverse.online\/tr\/wp-json\/wp\/v2\/media?parent=14999"}],"curies":[{"name":"wp","href":"https:\/\/api.w.org\/{rel}","templated":true}]}}