{"id":14682,"date":"2024-08-16T17:59:55","date_gmt":"2024-08-16T14:59:55","guid":{"rendered":"https:\/\/engoverse.online\/?page_id=14682"},"modified":"2024-08-28T02:33:38","modified_gmt":"2024-08-27T23:33:38","slug":"testimonials-and-stories","status":"publish","type":"page","link":"https:\/\/engoverse.online\/tr\/testimonials-and-stories\/","title":{"rendered":"Referanslar ve Hikayeler"},"content":{"rendered":"<div data-elementor-type=\"wp-page\" data-elementor-id=\"14682\" class=\"elementor elementor-14682\">\n\t\t\t\t<div class=\"elementor-element elementor-element-ac6d62d e-flex e-con-boxed e-con e-parent\" data-id=\"ac6d62d\" data-element_type=\"container\" data-e-type=\"container\">\n\t\t\t\t\t<div class=\"e-con-inner\">\n\t\t\t\t<div class=\"elementor-element elementor-element-143f765 elementor-widget elementor-widget-pix-testimonials-slider\" data-id=\"143f765\" data-element_type=\"widget\" data-e-type=\"widget\" data-widget_type=\"pix-testimonials-slider.default\">\n\t\t\t\t<div class=\"elementor-widget-container\">\n\t\t\t\t\t<div class=\"\"  ><div id=\"pix-slider-60435388\" class=\"pix-main-slider pix-fix-x2  pix-style-standard pix-effect-standard   pix-slider-3 pix-slider-dots\" data-flickity='{\"autoPlay\":false,\"freeScroll\":false,\"prevNextButtons\":true,\"wrapAround\":true,\"pageDots\":true,\"adaptiveHeight\":true,\"rightToLeft\":false,\"cellAlign\":\"center\",\"contain\":true,\"slider_effect\":\"pix-effect-standard\",\"pix_id\":\"#pix-slider-60435388\"}'><div class=\"carousel-cell\"><div class=\"slide-inner pix-p-10\"><div class=\"pix-slider-effects\"><div class=\"card\"><div class=\"pix-content-box card        body-default rounded-lg shadow-lg shadow-inverse-hover-lg fly bg-primary-light w-100\"   ><div class=\"\" style=\"z-index:30;position:relative;\"><div class=\"card pix-p-10 rounded-lg\"><div class=\"card-body\"><p class=\"card-text font-italic text-body-default\" >Daha \u00f6ncesinde bir\u00e7ok farkl\u0131 platformu deneyimlemi\u015f biri olarak \u0130ngilizce konu\u015fma pratikli\u011fini kazanarak kariyerimi y\u00fckseltmek ve g\u00fcndelik hayat\u0131mda daha etkin kullanabilmek \u00fczere Engoverse ile tan\u0131\u015ft\u0131m. Bir bu\u00e7uk y\u0131ldan uzun s\u00fcredir Abdul ile oturumlar yapmaktay\u0131z. Dil \u00f6\u011freniminde yenilik\u00e7i yakla\u015f\u0131mlar\u0131, oturumlara haz\u0131rl\u0131\u011f\u0131 ve e\u011fitim deneyimi ile birlikte h\u0131zl\u0131 bir geli\u015fim g\u00f6sterdim. Daha \u00f6zg\u00fcvenli konu\u015fur hale gelerek, uluslaras\u0131 kurumsal bir \u015firketten i\u015f teklifi ald\u0131m. Benim hikayemde, birlikte \u00e7al\u0131\u015fmam\u0131z\u0131n \u00e7ok faydas\u0131 oldu. Umar\u0131m Engoverse daha fazla kitlelere ula\u015farak bir\u00e7ok ki\u015finin hayat\u0131na dokunur. Kesinlikle tavsiye etmekteyim. <\/p><div class=\"d-flex\"><div class=\"align-self-center\"><h6 class=\"card-title mb-0 pix-mx-20 font-weight-bold text-dark-opacity-4\" >Alperen Kartal<\/h6><div class=\"card-title  mb-0 pix-mx-20 font-weight-bold text-primary\" >Biyomedikal M\u00fchendisi<\/div><\/div><\/div><\/div><\/div><\/div><\/div><\/div><\/div><\/div><\/div><div class=\"carousel-cell\"><div class=\"slide-inner pix-p-10\"><div class=\"pix-slider-effects\"><div class=\"card\"><div class=\"pix-content-box card        body-default rounded-lg shadow-lg shadow-inverse-hover-lg fly bg-primary-light w-100\"   ><div class=\"\" style=\"z-index:30;position:relative;\"><div class=\"card pix-p-10 rounded-lg\"><div class=\"card-body\"><p class=\"card-text font-italic text-body-default\" >\u00d6ncelikle, bana biraz da olsa \u0130ngilizce konu\u015fabilmeyi \u00f6\u011fretti\u011fin i\u00e7in i\u00e7tenlikle te\u015fekk\u00fcr ederim. \ud83d\ude42 Neredeyse iki ayl\u0131k bir s\u00fcre\u00e7te, ba\u015flang\u0131ca k\u0131yasla daha rahat ve \u00f6zg\u00fcvenli bir \u015fekilde konu\u015fabiliyor olmamda eme\u011fin ger\u00e7ekten \u00e7ok b\u00fcy\u00fck. \u00d6zellikle, ilk dersimizde bana ilgi alanlar\u0131m\u0131 sorman ve derslerden \u00f6nce bu konularla ilgili \u00e7al\u0131\u015fma kelimeleri g\u00f6ndermen, geli\u015fimime b\u00fcy\u00fck katk\u0131 sa\u011flad\u0131. Bu s\u00fcre\u00e7te, ki\u015fisel ilgi alanlar\u0131ma y\u00f6nelik materyallerle \u00e7al\u0131\u015fmak, motivasyonumu art\u0131rd\u0131 diyebilirim Derslerde hep ilgili ve enerjiksin; bu da dersleri daha verimli ve e\u011flenceli k\u0131l\u0131yor. Seninle \u00e7al\u0131\u015fmak, yaln\u0131zca \u0130ngilizce becerilerimi geli\u015ftirmekle kalmad\u0131, ayn\u0131 zamanda bu s\u00fcre\u00e7ten zevk almam\u0131 da sa\u011flad\u0131. Bu y\u00fczden, g\u00f6sterdi\u011fin ilgi, enerji ve destek i\u00e7in bir kez daha te\u015fekk\u00fcr ederim. Senin gibi bir \u00f6\u011fretmenle \u00e7al\u0131\u015ft\u0131\u011f\u0131m i\u00e7in ger\u00e7ekten \u015fansl\u0131y\u0131m. <\/p><div class=\"d-flex\"><div class=\"align-self-center\"><h6 class=\"card-title mb-0 pix-mx-20 font-weight-bold text-dark-opacity-4\" >Sefa Eker<\/h6><div class=\"card-title  mb-0 pix-mx-20 font-weight-bold text-primary\" >THY M\u00fchendis<\/div><\/div><\/div><\/div><\/div><\/div><\/div><\/div><\/div><\/div><\/div><div class=\"carousel-cell\"><div class=\"slide-inner pix-p-10\"><div class=\"pix-slider-effects\"><div class=\"card\"><div class=\"pix-content-box card        body-default rounded-lg shadow-lg shadow-inverse-hover-lg fly bg-primary-light w-100\"   ><div class=\"\" style=\"z-index:30;position:relative;\"><div class=\"card pix-p-10 rounded-lg\"><div class=\"card-body\"><p class=\"card-text font-italic text-body-default\" >A\u015f\u0131r\u0131 \u00e7ekingen ve hata yapmaktan korkan birisi oldu\u011fum i\u00e7in ingilizce temelim oldu\u011fu halde konu\u015fam\u0131yordum. \nSwaleh Hoca, e\u011flenceli ve a\u015f\u0131r\u0131 pozitif yakla\u015f\u0131m\u0131 ile beni motive etti. Derslerimiz sayesinde \u00f6zg\u00fcvenim yerine geldi. \nDers \u00f6ncesi benim alan\u0131mda ciddi bir \u00f6n haz\u0131rl\u0131k yapmas\u0131 ve mesleki ingilizce geli\u015fimime katk\u0131lar\u0131 i\u00e7in her zaman minnettar olaca\u011f\u0131m. \nG\u00f6rd\u00fc\u011f\u00fcm en iyi \u0130ngilizce hocas\u0131 diyebilirim. \u0130yi kar\u015f\u0131la\u015fm\u0131\u015f\u0131z ve ders alm\u0131\u015f\u0131m. \nKesinlikle tavsiye ediyorum.<\/p><div class=\"d-flex\"><div class=\"align-self-center\"><h6 class=\"card-title mb-0 pix-mx-20 font-weight-bold text-dark-opacity-4\" >Dr. \u00d6\u011fr. \u00dcyesi AY\u015eE NUR \u00d6RNEKC\u0130.<\/h6><div class=\"card-title  mb-0 pix-mx-20 font-weight-bold text-primary\" >Istanbul Gedik Universitesi<\/div><\/div><\/div><\/div><\/div><\/div><\/div><\/div><\/div><\/div><\/div><div class=\"carousel-cell\"><div class=\"slide-inner pix-p-10\"><div class=\"pix-slider-effects\"><div class=\"card\"><div class=\"pix-content-box card        body-default rounded-lg shadow-lg shadow-inverse-hover-lg fly bg-primary-light w-100\"   ><div class=\"\" style=\"z-index:30;position:relative;\"><div class=\"card pix-p-10 rounded-lg\"><div class=\"card-body\"><p class=\"card-text font-italic text-body-default\" >Swaleh ile iki ayd\u0131r dersler yap\u0131yorum ve s\u00f6ylemeliyim ki , \u00f6\u011frencilerin kendilerini ifade etmeleri i\u00e7in zaman tan\u0131yan sab\u0131rl\u0131 ve iyi bir e\u011fitmen. Her derse \u00f6\u011frenciye g\u00f6re \u00f6zelle\u015ftirilmi\u015f i\u00e7erikle ve y\u00fcksek enerjiyle geliyor. \u00d6\u011frenme yolculu\u011funda harika bir motivat\u00f6r, onunla \u0130ngilizce \u00f6\u011frenmek \u00e7ok e\u011flenceli. Zaman\u0131n nas\u0131l ge\u00e7ti\u011fini anlam\u0131yorum. <\/p><div class=\"d-flex\"><div class=\"align-self-center\"><h6 class=\"card-title mb-0 pix-mx-20 font-weight-bold text-dark-opacity-4\" >Duygu K\u0131l\u0131\u00e7<\/h6><div class=\"card-title  mb-0 pix-mx-20 font-weight-bold text-primary\" >End\u00fcstri m\u00fchendis\u0130<\/div><\/div><\/div><\/div><\/div><\/div><\/div><\/div><\/div><\/div><\/div><\/div><\/div>\t\t\t\t<\/div>\n\t\t\t\t<\/div>\n\t\t\t\t\t<\/div>\n\t\t\t\t<\/div>\n\t\t\t\t<\/div>","protected":false},"excerpt":{"rendered":"<p>Daha \u00f6ncesinde bir\u00e7ok farkl\u0131 platformu deneyimlemi\u015f biri olarak \u0130ngilizce konu\u015fma pratikli\u011fini kazanarak kariyerimi y\u00fckseltmek ve g\u00fcndelik hayat\u0131mda daha etkin kullanabilmek \u00fczere Engoverse ile tan\u0131\u015ft\u0131m. Bir bu\u00e7uk y\u0131ldan uzun s\u00fcredir Abdul ile oturumlar yapmaktay\u0131z. Dil \u00f6\u011freniminde yenilik\u00e7i yakla\u015f\u0131mlar\u0131, oturumlara haz\u0131rl\u0131\u011f\u0131 ve&#8230;<\/p>","protected":false},"author":1,"featured_media":0,"parent":0,"menu_order":0,"comment_status":"closed","ping_status":"closed","template":"","meta":{"_monsterinsights_skip_tracking":false,"_monsterinsights_sitenote_active":false,"_monsterinsights_sitenote_note":"","_monsterinsights_sitenote_category":0,"footnotes":""},"class_list":["post-14682","page","type-page","status-publish","hentry"],"_links":{"self":[{"href":"https:\/\/engoverse.online\/tr\/wp-json\/wp\/v2\/pages\/14682","targetHints":{"allow":["GET"]}}],"collection":[{"href":"https:\/\/engoverse.online\/tr\/wp-json\/wp\/v2\/pages"}],"about":[{"href":"https:\/\/engoverse.online\/tr\/wp-json\/wp\/v2\/types\/page"}],"author":[{"embeddable":true,"href":"https:\/\/engoverse.online\/tr\/wp-json\/wp\/v2\/users\/1"}],"replies":[{"embeddable":true,"href":"https:\/\/engoverse.online\/tr\/wp-json\/wp\/v2\/comments?post=14682"}],"version-history":[{"count":8,"href":"https:\/\/engoverse.online\/tr\/wp-json\/wp\/v2\/pages\/14682\/revisions"}],"predecessor-version":[{"id":14998,"href":"https:\/\/engoverse.online\/tr\/wp-json\/wp\/v2\/pages\/14682\/revisions\/14998"}],"wp:attachment":[{"href":"https:\/\/engoverse.online\/tr\/wp-json\/wp\/v2\/media?parent=14682"}],"curies":[{"name":"wp","href":"https:\/\/api.w.org\/{rel}","templated":true}]}}