{"id":13930,"date":"2024-02-09T17:18:40","date_gmt":"2024-02-09T14:18:40","guid":{"rendered":"https:\/\/engoverse.online\/?page_id=13930"},"modified":"2026-03-18T18:17:24","modified_gmt":"2026-03-18T15:17:24","slug":"online-sessions","status":"publish","type":"page","link":"https:\/\/engoverse.online\/tr\/online-sessions\/","title":{"rendered":"Online Dersler"},"content":{"rendered":"<div data-elementor-type=\"wp-page\" data-elementor-id=\"13930\" class=\"elementor elementor-13930\">\n\t\t\t\t<div class=\"elementor-element elementor-element-0c2d3fc e-flex e-con-boxed e-con e-parent\" data-id=\"0c2d3fc\" data-element_type=\"container\" data-e-type=\"container\">\n\t\t\t\t\t<div class=\"e-con-inner\">\n\t\t\t\t<div class=\"elementor-element elementor-element-9673c7e elementor-widget elementor-widget-pix-heading\" data-id=\"9673c7e\" data-element_type=\"widget\" data-e-type=\"widget\" data-widget_type=\"pix-heading.default\">\n\t\t\t\t<div class=\"elementor-widget-container\">\n\t\t\t\t\t<div  class=\"pix-heading-el text-left\"><div><div class=\"slide-in-container2\"><h3 class=\"font-weight-bold heading-text el-title_custom_color mb-12\" style=\"\" data-anim-type=\"\" data-anim-delay=\"\">\u00dccretler<\/h3><\/div><\/div><\/div>\t\t\t\t<\/div>\n\t\t\t\t<\/div>\n\t\t\t\t\t<\/div>\n\t\t\t\t<\/div>\n\t\t<div class=\"elementor-element elementor-element-17f0930 e-flex e-con-boxed e-con e-parent\" data-id=\"17f0930\" data-element_type=\"container\" data-e-type=\"container\">\n\t\t\t\t\t<div class=\"e-con-inner\">\n\t\t<div class=\"elementor-element elementor-element-353fef4 e-con-full e-flex e-con e-child\" data-id=\"353fef4\" data-element_type=\"container\" data-e-type=\"container\">\n\t\t\t\t<div class=\"elementor-element elementor-element-c24bb3c elementor-widget elementor-widget-pix-pricing\" data-id=\"c24bb3c\" data-element_type=\"widget\" data-e-type=\"widget\" data-widget_type=\"pix-pricing.default\">\n\t\t\t\t<div class=\"elementor-widget-container\">\n\t\t\t\t\t<div class=\"card w-100 pix_pricing  pix-p-5   bg-white shadow-lg shadow-hover-lg fly\"    ><span class=\"pix-badge-element h5 d-inline-block mr-1\"  ><span class=\"badge font-weight-bold bg-primary-light\" style=\" \"><span class=\"text-primary\" style=\"\">Bire bir<\/span><\/span><\/span><h5 class=\"pt-3 font-weight-bold text-heading-default h5\" ><span class=\"currency\">\u20ba<\/span><span>4,000<\/span><sub class=\"text-small\">\/ayl\u0131k<\/sub><\/h5><p class=\"m-0 text-sm font-weight-bold text-body-default\" >dan ba\u015flar<\/p><div class=\"pix-pb-102 pt-4\"><div id=\"duo-icon-73364364\" class=\"slide-in-container w-100\" ><div class=\"py-2\"  ><div class=\"pix-feature-list   font-weight-bold     py-2 d-flex align-items-center\" ><i class=\"pixicon-listening mr-2 text-primary\" ><\/i><span class=\"text-dark-opacity-5\">1 : 1<\/span><\/div><div class=\"pix-feature-list   font-weight-bold     py-2 d-flex align-items-center\" ><i class=\"pixicon-world-map-3 mr-2 text-primary\" ><\/i><span class=\"text-dark-opacity-5\">Ger\u00e7ek d\u00fcnya konular\u0131 ve konu\u015fmalar<\/span><\/div><div class=\"pix-feature-list   font-weight-bold     py-2 d-flex align-items-center\" ><i class=\"pixicon-street mr-2 text-primary\" ><\/i><span class=\"text-dark-opacity-5\">Geli\u015fim de\u011ferlendirmesi<\/span><\/div><div class=\"pix-feature-list   font-weight-bold     py-2 d-flex align-items-center\" ><i class=\"pixicon-cart-time mr-2 text-primary\" ><\/i><span class=\"text-dark-opacity-5\">1x per week \u27fa \u20ba4,000\/month<br>2x per week \u27fa \u20ba7,600\/month<\/b> <br> 3x per week \u27fa \u20ba10,200\/month <br> 4x per week \u27fa \u20ba12,800\/month <br> 5x per week \u27fa \u20ba15,000\/month<\/span><\/div><\/div><\/div><\/div><div class=\"pix-mt-20\"><span  class=\"btn mb-2     btn-primary d-inline-block      pix-popup-link btn-md\"     data-popup-link=\"https:\/\/engoverse.online\/wp-admin\/admin-ajax.php?action=pix_popup_content&id=14027&nonce=f45c0ab350\" data-popup-id=\"14027\"><span class=\"font-weight-bold\" >Kaydolun<\/span><\/span><\/div><\/div>\n\t\t\t\t<\/div>\n\t\t\t\t<\/div>\n\t\t\t\t<\/div>\n\t\t<div class=\"elementor-element elementor-element-8401780 e-con-full e-flex e-con e-child\" data-id=\"8401780\" data-element_type=\"container\" data-e-type=\"container\">\n\t\t\t\t<div class=\"elementor-element elementor-element-7749116 elementor-widget elementor-widget-pix-pricing\" data-id=\"7749116\" data-element_type=\"widget\" data-e-type=\"widget\" data-widget_type=\"pix-pricing.default\">\n\t\t\t\t<div class=\"elementor-widget-container\">\n\t\t\t\t\t<div class=\"card w-100 pix_pricing  pix-p-5   bg-white shadow-lg shadow-hover-lg fly\"    ><span class=\"pix-badge-element h5 d-inline-block mr-1\"  ><span class=\"badge font-weight-bold bg-primary-light\" style=\" \"><span class=\"text-primary\" style=\"\">Grup<\/span><\/span><\/span><h5 class=\"pt-3 font-weight-bold text-heading-default h5\" ><span class=\"currency\">\u20ba<\/span><span>2,400<\/span><sub class=\"text-small\">\/ayl\u0131k<\/sub><\/h5><p class=\"m-0 text-sm font-weight-bold text-body-default\" >dan ba\u015flar<\/p><div class=\"pix-pb-102 pt-4\"><div id=\"duo-icon-154492878\" class=\"slide-in-container w-100\" ><div class=\"py-2\"  ><div class=\"pix-feature-list   font-weight-bold     py-2 d-flex align-items-center\" ><i class=\"pixicon-network mr-2 text-primary\" ><\/i><span class=\"text-dark-opacity-5\">3-6<\/span><\/div><div class=\"pix-feature-list   font-weight-bold     py-2 d-flex align-items-center\" ><i class=\"pixicon-world-map-3 mr-2 text-primary\" ><\/i><span class=\"text-dark-opacity-5\">Ger\u00e7ek d\u00fcnya konular\u0131 ve konu\u015fmalar<\/span><\/div><div class=\"pix-feature-list   font-weight-bold     py-2 d-flex align-items-center\" ><i class=\"pixicon-street mr-2 text-primary\" ><\/i><span class=\"text-dark-opacity-5\">Geli\u015fim de\u011ferlendirmesi<\/span><\/div><div class=\"pix-feature-list   font-weight-bold     py-2 d-flex align-items-center\" ><i class=\"pixicon-cart-time mr-2 text-primary\" ><\/i><span class=\"text-dark-opacity-5\">1x per week \u27fa \u20ba2,400\/month<br>2x per week \u27fa \u20ba4,000\/month<\/b> <\/span><\/div><\/div><\/div><\/div><div class=\"pix-mt-20\"><span  class=\"btn mb-2     btn-primary d-inline-block      pix-popup-link btn-md\"     data-popup-link=\"https:\/\/engoverse.online\/wp-admin\/admin-ajax.php?action=pix_popup_content&id=14091&nonce=f45c0ab350\" data-popup-id=\"14091\"><span class=\"font-weight-bold\" >Kaydolun<\/span><\/span><\/div><\/div>\n\t\t\t\t<\/div>\n\t\t\t\t<\/div>\n\t\t\t\t<\/div>\n\t\t<div class=\"elementor-element elementor-element-ed952c4 e-con-full e-flex e-con e-child\" data-id=\"ed952c4\" data-element_type=\"container\" data-e-type=\"container\">\n\t\t\t\t<div class=\"elementor-element elementor-element-808c619 elementor-widget elementor-widget-pix-pricing\" data-id=\"808c619\" data-element_type=\"widget\" data-e-type=\"widget\" data-widget_type=\"pix-pricing.default\">\n\t\t\t\t<div class=\"elementor-widget-container\">\n\t\t\t\t\t<div class=\"card w-100 pix_pricing  pix-p-5   bg-white shadow-lg shadow-hover-lg fly\"    ><span class=\"pix-badge-element h5 d-inline-block mr-1\"  ><span class=\"badge font-weight-bold bg-primary-light\" style=\" \"><span class=\"text-primary\" style=\"\">\u00d6zelle\u015ftir<\/span><\/span><\/span><h5 class=\"pt-3 font-weight-bold text-heading-default h5\" ><span class=\"currency\">\u20ba<\/span><span>x<\/span><sub class=\"text-small\">\/ayl\u0131k<\/sub><\/h5><div class=\"pix-pb-102 pt-4\"><div id=\"duo-icon-121251134\" class=\"slide-in-container w-100\" ><div class=\"py-2\"  ><div class=\"pix-feature-list   font-weight-bold     py-2 d-flex align-items-center\" ><span class=\"text-dark-opacity-5\">Farkl\u0131 bir \u015fey mi istediniz?<\/span><\/div><div class=\"pix-feature-list   font-weight-bold     py-2 d-flex align-items-center\" ><span class=\"text-dark-opacity-5\">A\u015fa\u011f\u0131daki butona t\u0131klay\u0131n ve bizimle ileti\u015fime ge\u00e7in.<\/span><\/div><\/div><\/div><\/div><div class=\"pix-mt-20\"><span  class=\"btn mb-2     btn-primary d-inline-block      pix-popup-link btn-md\"     data-popup-link=\"https:\/\/engoverse.online\/wp-admin\/admin-ajax.php?action=pix_popup_content&id=13753&nonce=f45c0ab350\" data-popup-id=\"13753\"><span class=\"font-weight-bold\" >Kaydolun<\/span><\/span><\/div><\/div>\n\t\t\t\t<\/div>\n\t\t\t\t<\/div>\n\t\t\t\t<\/div>\n\t\t\t\t\t<\/div>\n\t\t\t\t<\/div>\n\t\t\t\t<\/div>","protected":false},"excerpt":{"rendered":"<p>Pricing One on One \u20ba4,000\/month Starting from 1 : 1Real world topics &#038; conversationsProgress evaluation1x per week \u27fa \u20ba4,000\/month2x per week \u27fa \u20ba7,600\/month 3x per week \u27fa \u20ba10,200\/month 4x per week \u27fa \u20ba12,800\/month 5x per week \u27fa \u20ba15,000\/monthBook Now Group&#8230;<\/p>","protected":false},"author":1,"featured_media":0,"parent":0,"menu_order":0,"comment_status":"closed","ping_status":"closed","template":"","meta":{"_monsterinsights_skip_tracking":false,"_monsterinsights_sitenote_active":false,"_monsterinsights_sitenote_note":"","_monsterinsights_sitenote_category":0,"footnotes":""},"class_list":["post-13930","page","type-page","status-publish","hentry"],"_links":{"self":[{"href":"https:\/\/engoverse.online\/tr\/wp-json\/wp\/v2\/pages\/13930","targetHints":{"allow":["GET"]}}],"collection":[{"href":"https:\/\/engoverse.online\/tr\/wp-json\/wp\/v2\/pages"}],"about":[{"href":"https:\/\/engoverse.online\/tr\/wp-json\/wp\/v2\/types\/page"}],"author":[{"embeddable":true,"href":"https:\/\/engoverse.online\/tr\/wp-json\/wp\/v2\/users\/1"}],"replies":[{"embeddable":true,"href":"https:\/\/engoverse.online\/tr\/wp-json\/wp\/v2\/comments?post=13930"}],"version-history":[{"count":45,"href":"https:\/\/engoverse.online\/tr\/wp-json\/wp\/v2\/pages\/13930\/revisions"}],"predecessor-version":[{"id":15310,"href":"https:\/\/engoverse.online\/tr\/wp-json\/wp\/v2\/pages\/13930\/revisions\/15310"}],"wp:attachment":[{"href":"https:\/\/engoverse.online\/tr\/wp-json\/wp\/v2\/media?parent=13930"}],"curies":[{"name":"wp","href":"https:\/\/api.w.org\/{rel}","templated":true}]}}